{"id":17,"date":"2018-10-09T13:56:25","date_gmt":"2018-10-09T11:56:25","guid":{"rendered":"https:\/\/web50.c16.webspace-verkauf.de\/?page_id=17"},"modified":"2024-01-10T16:47:56","modified_gmt":"2024-01-10T15:47:56","slug":"kontaktieren","status":"publish","type":"page","link":"https:\/\/landmetzgerei-breindl.de\/index.php\/kontaktieren","title":{"rendered":"Kontaktieren"},"content":{"rendered":"[vc_row][vc_column width=&#8220;5\/6&#8243; offset=&#8220;vc_col-sm-offset-1&#8243;]<div class=\"ult-spacer spacer-69f0c8cdefc14\" data-id=\"69f0c8cdefc14\" data-height=\"150\" data-height-mobile=\"150\" data-height-tab=\"150\" data-height-tab-portrait=\"150\" data-height-mobile-landscape=\"150\" style=\"clear:both;display:block;\"><\/div>[vc_column_text el_class=&#8220;c-headline-h1 text-center text-primary margin-bottom-zero&#8220;]\n<h1>Schreiben Sie uns<\/h1>\n[\/vc_column_text]<div class=\"ult-spacer spacer-69f0c8cdefc45\" data-id=\"69f0c8cdefc45\" data-height=\"150\" data-height-mobile=\"50\" data-height-tab=\"150\" data-height-tab-portrait=\"100\" data-height-mobile-landscape=\"50\" style=\"clear:both;display:block;\"><\/div>[\/vc_column][\/vc_row][vc_row][vc_column width=&#8220;5\/6&#8243; offset=&#8220;vc_col-md-offset-1&#8243;]\n<div class=\"wpcf7 no-js\" id=\"wpcf7-f204-o1\" lang=\"de-DE\" dir=\"ltr\">\n<div class=\"screen-reader-response\"><p role=\"status\" aria-live=\"polite\" aria-atomic=\"true\"><\/p> <ul><\/ul><\/div>\n<form action=\"\/index.php\/wp-json\/wp\/v2\/pages\/17#wpcf7-f204-o1\" method=\"post\" class=\"wpcf7-form init\" aria-label=\"Kontaktformular\" novalidate=\"novalidate\" data-status=\"init\">\n<div style=\"display: none;\">\n<input type=\"hidden\" name=\"_wpcf7\" value=\"204\" \/>\n<input type=\"hidden\" name=\"_wpcf7_version\" value=\"5.9\" \/>\n<input type=\"hidden\" name=\"_wpcf7_locale\" value=\"de_DE\" \/>\n<input type=\"hidden\" name=\"_wpcf7_unit_tag\" value=\"wpcf7-f204-o1\" \/>\n<input type=\"hidden\" name=\"_wpcf7_container_post\" value=\"0\" \/>\n<input type=\"hidden\" name=\"_wpcf7_posted_data_hash\" value=\"\" \/>\n<\/div>\n<div class=\"row\">\n\t<div class=\"col-md-6\">\n\t\t<p><label> Name (Pflichtfeld)<br \/>\n<span class=\"wpcf7-form-control-wrap\" data-name=\"your-name\"><input size=\"40\" class=\"wpcf7-form-control wpcf7-text wpcf7-validates-as-required\" aria-required=\"true\" aria-invalid=\"false\" value=\"\" type=\"text\" name=\"your-name\" \/><\/span> <\/label><br \/>\n<span id=\"wpcf7-69f0c8cdf14ff-wrapper\" class=\"wpcf7-form-control-wrap whackmeat-wrap\" style=\"display:none !important; visibility:hidden !important;\"><label for=\"wpcf7-69f0c8cdf14ff-field\" class=\"hp-message\">Bitte lasse dieses Feld leer.<\/label><input id=\"wpcf7-69f0c8cdf14ff-field\"  class=\"wpcf7-form-control wpcf7-text\" type=\"text\" name=\"whackmeat\" value=\"\" size=\"40\" tabindex=\"-1\" autocomplete=\"new-password\" \/><\/span><br \/>\n<label> E-Mail (Pflichtfeld)<br \/>\n<span class=\"wpcf7-form-control-wrap\" data-name=\"your-email\"><input size=\"40\" class=\"wpcf7-form-control wpcf7-email wpcf7-validates-as-required wpcf7-text wpcf7-validates-as-email\" aria-required=\"true\" aria-invalid=\"false\" value=\"\" type=\"email\" name=\"your-email\" \/><\/span> <\/label><br \/>\n<span id=\"wpcf7-69f0c8cdf1602-wrapper\" class=\"wpcf7-form-control-wrap upinsmoke-wrap\" style=\"display:none !important; visibility:hidden !important;\"><label for=\"wpcf7-69f0c8cdf1602-field\" class=\"hp-message\">Bitte lasse dieses Feld leer.<\/label><input id=\"wpcf7-69f0c8cdf1602-field\"  class=\"wpcf7-form-control wpcf7-text\" type=\"text\" name=\"upinsmoke\" value=\"\" size=\"40\" tabindex=\"-1\" autocomplete=\"new-password\" \/><\/span><br \/>\n<label> Betreff<br \/>\n<span class=\"wpcf7-form-control-wrap\" data-name=\"your-subject\"><input size=\"40\" class=\"wpcf7-form-control wpcf7-text\" aria-invalid=\"false\" value=\"\" type=\"text\" name=\"your-subject\" \/><\/span> <\/label>\n\t\t<\/p>\n\t<\/div>\n\t<div class=\"col-md-6\">\n\t\t<p><label> Nachricht<br \/>\n<span class=\"wpcf7-form-control-wrap\" data-name=\"your-message\"><textarea cols=\"40\" rows=\"10\" class=\"wpcf7-form-control wpcf7-textarea\" aria-invalid=\"false\" name=\"your-message\"><\/textarea><\/span> <\/label>\n\t\t<\/p>\n\t<\/div>\n<\/div>\n<p><span class=\"wpcf7-form-control-wrap\" data-name=\"acceptance-92\"><span class=\"wpcf7-form-control wpcf7-acceptance\"><span class=\"wpcf7-list-item\"><label><input type=\"checkbox\" name=\"acceptance-92\" value=\"1\" aria-invalid=\"false\" \/><span class=\"wpcf7-list-item-label\">Ich stimme zu, dass meine Angaben aus dem Kontaktformular zur Beantwortung meiner Anfrage erhoben und verarbeitet werden. Die Daten werden nach abgeschlossener Bearbeitung Ihrer Anfrage gel\u00f6scht. Hinweis: Sie k\u00f6nnen Ihre Einwilligung jederzeit f\u00fcr die Zukunft per E-Mail an\u00a0<a href=\"mailto:johannes.breindl@gmx.de\">johannes.breindl@gmx.de<\/a>\u00a0widerrufen. Detaillierte Informationen zum Umgang mit Nutzerdaten finden Sie in unserer <a href=\"\/index.php\/datenschutz\" rel=\"nofollow\" target=\"blank\">Datenschutzerkl\u00e4rung<\/a>.<\/span><\/label><\/span><\/span><\/span>\n<\/p>\n<div class=\"text-center padding-top-s\">\n\t<p><input class=\"wpcf7-form-control wpcf7-submit has-spinner\" type=\"submit\" value=\"Senden\" \/>\n\t<\/p>\n<\/div><input type='hidden' class='wpcf7-pum' value='{\"closepopup\":false,\"closedelay\":0,\"openpopup\":false,\"openpopup_id\":0}' \/><div class=\"wpcf7-response-output\" aria-hidden=\"true\"><\/div>\n<\/form>\n<\/div>\n<div class=\"ult-spacer spacer-69f0c8cdf1847\" data-id=\"69f0c8cdf1847\" data-height=\"124\" data-height-mobile=\"48\" data-height-tab=\"124\" data-height-tab-portrait=\"96\" data-height-mobile-landscape=\"48\" style=\"clear:both;display:block;\"><\/div>[\/vc_column][\/vc_row][vc_row][vc_column width=&#8220;1\/2&#8243; offset=&#8220;vc_col-md-offset-1&#8243;][vc_column_text el_class=&#8220;text-sm text-uppercase -font-special margin-bottom-zero tracking-wider&#8220;]Besuchen Sie uns[\/vc_column_text]<div class=\"ult-spacer spacer-69f0c8cdf186c\" data-id=\"69f0c8cdf186c\" data-height=\"27\" data-height-mobile=\"27\" data-height-tab=\"27\" data-height-tab-portrait=\"27\" data-height-mobile-landscape=\"27\" style=\"clear:both;display:block;\"><\/div>[vc_raw_html]JTNDZGl2JTIwY2xhc3MlM0QlMjdlbWJlZC1jb250YWluZXIlMjclM0UlM0NpZnJhbWUlMjBzcmMlM0QlMjdodHRwcyUzQSUyRiUyRnd3dy5nb29nbGUuY29tJTJGbWFwcyUyRmVtYmVkJTNGcGIlM0QlMjExbTE4JTIxMW0xMiUyMTFtMyUyMTFkOTA0LjA1MjgwNTg0NjY5NTYlMjEyZDExLjQ1MDQ1NjE1MTE2ODU1OCUyMTNkNDkuMTI4ODg0MTQzMjExODQlMjEybTMlMjExZjAlMjEyZjAlMjEzZjAlMjEzbTIlMjExaTEwMjQlMjEyaTc2OCUyMTRmMTMuMSUyMTNtMyUyMTFtMiUyMTFzMHg0NzlmNzJjOWJjNzcwMWU1JTI1M0EweGQ0MGJhOTc5Yzc2NjE5ZmIlMjEyc0xhbmRnYXN0aG9mJTJCQnJlaW5kbCUyMTVlMCUyMTNtMiUyMTFzZW4lMjEyc2RlJTIxNHYxNTQwNTM3NzU5MDExJTI3JTIwd2lkdGglM0QlMjc2MDAlMjclMjBoZWlnaHQlM0QlMjc0NTAlMjclMjBmcmFtZWJvcmRlciUzRCUyNzAlMjclMjBzdHlsZSUzRCUyN2JvcmRlciUzQTAlMjclMjBhbGxvd2Z1bGxzY3JlZW4lM0UlM0MlMkZpZnJhbWUlM0UlM0MlMkZkaXYlM0U=[\/vc_raw_html]<div class=\"ult-spacer spacer-69f0c8cdf1898\" data-id=\"69f0c8cdf1898\" data-height=\"150\" data-height-mobile=\"50\" data-height-tab=\"150\" data-height-tab-portrait=\"100\" data-height-mobile-landscape=\"50\" style=\"clear:both;display:block;\"><\/div>[\/vc_column][vc_column width=&#8220;1\/3&#8243;][vc_column_text el_class=&#8220;text-sm text-uppercase -font-special margin-bottom-zero tracking-wider&#8220;]\u00d6ffnungszeiten[\/vc_column_text]<div class=\"ult-spacer spacer-69f0c8cdf18b8\" data-id=\"69f0c8cdf18b8\" data-height=\"27\" data-height-mobile=\"27\" data-height-tab=\"27\" data-height-tab-portrait=\"27\" data-height-mobile-landscape=\"27\" style=\"clear:both;display:block;\"><\/div>[vc_column_text el_class=&#8220;mb-0&#8243;]Montag, Dienstag, Mittwoch<br \/>\ngeschlossen<\/p>\n<p>Donnerstag<br \/>\n08:00 bis 16:00 Uhr<\/p>\n<p>Freitag<br \/>\n08:00 bis 17:00 Uhr<\/p>\n<p>Samstag<br \/>\n08:00 bis 12:00 Uhr[\/vc_column_text]<div class=\"ult-spacer spacer-69f0c8cdf18d6\" data-id=\"69f0c8cdf18d6\" data-height=\"150\" data-height-mobile=\"50\" data-height-tab=\"150\" data-height-tab-portrait=\"100\" data-height-mobile-landscape=\"50\" style=\"clear:both;display:block;\"><\/div>[\/vc_column][\/vc_row]\n","protected":false},"excerpt":{"rendered":"<p>[vc_row][vc_column width=&#8220;5\/6&#8243; offset=&#8220;vc_col-sm-offset-1&#8243;][vc_column_text el_class=&#8220;c-headline-h1 text-center text-primary margin-bottom-zero&#8220;] Schreiben Sie uns [\/vc_column_text][\/vc_column][\/vc_row][vc_row][vc_column width=&#8220;5\/6&#8243; offset=&#8220;vc_col-md-offset-1&#8243;][\/vc_column][\/vc_row][vc_row][vc_column width=&#8220;1\/2&#8243; offset=&#8220;vc_col-md-offset-1&#8243;][vc_column_text el_class=&#8220;text-sm text-uppercase -font-special margin-bottom-zero tracking-wider&#8220;]Besuchen Sie uns[\/vc_column_text][vc_raw_html]JTNDZGl2JTIwY2xhc3MlM0QlMjdlbWJlZC1jb250YWluZXIlMjclM0UlM0NpZnJhbWUlMjBzcmMlM0QlMjdodHRwcyUzQSUyRiUyRnd3dy5nb29nbGUuY29tJTJGbWFwcyUyRmVtYmVkJTNGcGIlM0QlMjExbTE4JTIxMW0xMiUyMTFtMyUyMTFkOTA0LjA1MjgwNTg0NjY5NTYlMjEyZDExLjQ1MDQ1NjE1MTE2ODU1OCUyMTNkNDkuMTI4ODg0MTQzMjExODQlMjEybTMlMjExZjAlMjEyZjAlMjEzZjAlMjEzbTIlMjExaTEwMjQlMjEyaTc2OCUyMTRmMTMuMSUyMTNtMyUyMTFtMiUyMTFzMHg0NzlmNzJjOWJjNzcwMWU1JTI1M0EweGQ0MGJhOTc5Yzc2NjE5ZmIlMjEyc0xhbmRnYXN0aG9mJTJCQnJlaW5kbCUyMTVlMCUyMTNtMiUyMTFzZW4lMjEyc2RlJTIxNHYxNTQwNTM3NzU5MDExJTI3JTIwd2lkdGglM0QlMjc2MDAlMjclMjBoZWlnaHQlM0QlMjc0NTAlMjclMjBmcmFtZWJvcmRlciUzRCUyNzAlMjclMjBzdHlsZSUzRCUyN2JvcmRlciUzQTAlMjclMjBhbGxvd2Z1bGxzY3JlZW4lM0UlM0MlMkZpZnJhbWUlM0UlM0MlMkZkaXYlM0U=[\/vc_raw_html][\/vc_column][vc_column width=&#8220;1\/3&#8243;][vc_column_text el_class=&#8220;text-sm text-uppercase -font-special margin-bottom-zero tracking-wider&#8220;]\u00d6ffnungszeiten[\/vc_column_text][vc_column_text el_class=&#8220;mb-0&#8243;]Montag, Dienstag, Mittwoch geschlossen Donnerstag 08:00 bis 16:00 Uhr Freitag 08:00 bis 17:00 Uhr Samstag 08:00 bis 12:00 Uhr[\/vc_column_text][\/vc_column][\/vc_row]<\/p>\n","protected":false},"author":1,"featured_media":0,"parent":0,"menu_order":0,"comment_status":"closed","ping_status":"closed","template":"","meta":{"footnotes":""},"yoast_head":"<!-- This site is optimized with the Yoast SEO plugin v22.2 - https:\/\/yoast.com\/wordpress\/plugins\/seo\/ -->\n<title>Kontaktieren | Landmetzgerei Breindl<\/title>\n<meta name=\"description\" content=\"Haben Sie Fragen? Dann schreiben Sie uns oder besuchen Sie uns im Gesch\u00e4ft. Wir freuen uns auf Sie.\" \/>\n<meta name=\"robots\" content=\"index, follow, max-snippet:-1, max-image-preview:large, max-video-preview:-1\" \/>\n<link rel=\"canonical\" href=\"https:\/\/landmetzgerei-breindl.de\/index.php\/kontaktieren\" \/>\n<meta property=\"og:locale\" content=\"de_DE\" \/>\n<meta property=\"og:type\" content=\"article\" \/>\n<meta property=\"og:title\" content=\"Kontaktieren | Landmetzgerei Breindl\" \/>\n<meta property=\"og:description\" content=\"Haben Sie Fragen? Dann schreiben Sie uns oder besuchen Sie uns im Gesch\u00e4ft. Wir freuen uns auf Sie.\" \/>\n<meta property=\"og:url\" content=\"https:\/\/landmetzgerei-breindl.de\/index.php\/kontaktieren\" \/>\n<meta property=\"og:site_name\" content=\"Landmetzgerei Breindl\" \/>\n<meta property=\"article:modified_time\" content=\"2024-01-10T15:47:56+00:00\" \/>\n<meta name=\"twitter:card\" content=\"summary_large_image\" \/>\n<meta name=\"twitter:label1\" content=\"Gesch\u00e4tzte Lesezeit\" \/>\n\t<meta name=\"twitter:data1\" content=\"1\u00a0Minute\" \/>\n<script type=\"application\/ld+json\" class=\"yoast-schema-graph\">{\"@context\":\"https:\/\/schema.org\",\"@graph\":[{\"@type\":\"WebPage\",\"@id\":\"https:\/\/landmetzgerei-breindl.de\/index.php\/kontaktieren\",\"url\":\"https:\/\/landmetzgerei-breindl.de\/index.php\/kontaktieren\",\"name\":\"Kontaktieren | Landmetzgerei Breindl\",\"isPartOf\":{\"@id\":\"https:\/\/landmetzgerei-breindl.de\/#website\"},\"datePublished\":\"2018-10-09T11:56:25+00:00\",\"dateModified\":\"2024-01-10T15:47:56+00:00\",\"description\":\"Haben Sie Fragen? Dann schreiben Sie uns oder besuchen Sie uns im Gesch\u00e4ft. Wir freuen uns auf Sie.\",\"breadcrumb\":{\"@id\":\"https:\/\/landmetzgerei-breindl.de\/index.php\/kontaktieren#breadcrumb\"},\"inLanguage\":\"de\",\"potentialAction\":[{\"@type\":\"ReadAction\",\"target\":[\"https:\/\/landmetzgerei-breindl.de\/index.php\/kontaktieren\"]}]},{\"@type\":\"BreadcrumbList\",\"@id\":\"https:\/\/landmetzgerei-breindl.de\/index.php\/kontaktieren#breadcrumb\",\"itemListElement\":[{\"@type\":\"ListItem\",\"position\":1,\"name\":\"Startseite\",\"item\":\"https:\/\/landmetzgerei-breindl.de\/\"},{\"@type\":\"ListItem\",\"position\":2,\"name\":\"Kontaktieren\"}]},{\"@type\":\"WebSite\",\"@id\":\"https:\/\/landmetzgerei-breindl.de\/#website\",\"url\":\"https:\/\/landmetzgerei-breindl.de\/\",\"name\":\"Landmetzgerei Breindl\",\"description\":\"\",\"publisher\":{\"@id\":\"https:\/\/landmetzgerei-breindl.de\/#organization\"},\"potentialAction\":[{\"@type\":\"SearchAction\",\"target\":{\"@type\":\"EntryPoint\",\"urlTemplate\":\"https:\/\/landmetzgerei-breindl.de\/?s={search_term_string}\"},\"query-input\":\"required name=search_term_string\"}],\"inLanguage\":\"de\"},{\"@type\":\"Organization\",\"@id\":\"https:\/\/landmetzgerei-breindl.de\/#organization\",\"name\":\"Metzgerei Breindl\",\"url\":\"https:\/\/landmetzgerei-breindl.de\/\",\"logo\":{\"@type\":\"ImageObject\",\"inLanguage\":\"de\",\"@id\":\"https:\/\/landmetzgerei-breindl.de\/#\/schema\/logo\/image\/\",\"url\":\"https:\/\/web50.c16.webspace-verkauf.de\/wp-content\/uploads\/2018\/10\/logo.png\",\"contentUrl\":\"https:\/\/web50.c16.webspace-verkauf.de\/wp-content\/uploads\/2018\/10\/logo.png\",\"width\":427,\"height\":293,\"caption\":\"Metzgerei Breindl\"},\"image\":{\"@id\":\"https:\/\/landmetzgerei-breindl.de\/#\/schema\/logo\/image\/\"}}]}<\/script>\n<!-- \/ Yoast SEO plugin. -->","yoast_head_json":{"title":"Kontaktieren | Landmetzgerei Breindl","description":"Haben Sie Fragen? Dann schreiben Sie uns oder besuchen Sie uns im Gesch\u00e4ft. Wir freuen uns auf Sie.","robots":{"index":"index","follow":"follow","max-snippet":"max-snippet:-1","max-image-preview":"max-image-preview:large","max-video-preview":"max-video-preview:-1"},"canonical":"https:\/\/landmetzgerei-breindl.de\/index.php\/kontaktieren","og_locale":"de_DE","og_type":"article","og_title":"Kontaktieren | Landmetzgerei Breindl","og_description":"Haben Sie Fragen? Dann schreiben Sie uns oder besuchen Sie uns im Gesch\u00e4ft. Wir freuen uns auf Sie.","og_url":"https:\/\/landmetzgerei-breindl.de\/index.php\/kontaktieren","og_site_name":"Landmetzgerei Breindl","article_modified_time":"2024-01-10T15:47:56+00:00","twitter_card":"summary_large_image","twitter_misc":{"Gesch\u00e4tzte Lesezeit":"1\u00a0Minute"},"schema":{"@context":"https:\/\/schema.org","@graph":[{"@type":"WebPage","@id":"https:\/\/landmetzgerei-breindl.de\/index.php\/kontaktieren","url":"https:\/\/landmetzgerei-breindl.de\/index.php\/kontaktieren","name":"Kontaktieren | Landmetzgerei Breindl","isPartOf":{"@id":"https:\/\/landmetzgerei-breindl.de\/#website"},"datePublished":"2018-10-09T11:56:25+00:00","dateModified":"2024-01-10T15:47:56+00:00","description":"Haben Sie Fragen? Dann schreiben Sie uns oder besuchen Sie uns im Gesch\u00e4ft. Wir freuen uns auf Sie.","breadcrumb":{"@id":"https:\/\/landmetzgerei-breindl.de\/index.php\/kontaktieren#breadcrumb"},"inLanguage":"de","potentialAction":[{"@type":"ReadAction","target":["https:\/\/landmetzgerei-breindl.de\/index.php\/kontaktieren"]}]},{"@type":"BreadcrumbList","@id":"https:\/\/landmetzgerei-breindl.de\/index.php\/kontaktieren#breadcrumb","itemListElement":[{"@type":"ListItem","position":1,"name":"Startseite","item":"https:\/\/landmetzgerei-breindl.de\/"},{"@type":"ListItem","position":2,"name":"Kontaktieren"}]},{"@type":"WebSite","@id":"https:\/\/landmetzgerei-breindl.de\/#website","url":"https:\/\/landmetzgerei-breindl.de\/","name":"Landmetzgerei Breindl","description":"","publisher":{"@id":"https:\/\/landmetzgerei-breindl.de\/#organization"},"potentialAction":[{"@type":"SearchAction","target":{"@type":"EntryPoint","urlTemplate":"https:\/\/landmetzgerei-breindl.de\/?s={search_term_string}"},"query-input":"required name=search_term_string"}],"inLanguage":"de"},{"@type":"Organization","@id":"https:\/\/landmetzgerei-breindl.de\/#organization","name":"Metzgerei Breindl","url":"https:\/\/landmetzgerei-breindl.de\/","logo":{"@type":"ImageObject","inLanguage":"de","@id":"https:\/\/landmetzgerei-breindl.de\/#\/schema\/logo\/image\/","url":"https:\/\/web50.c16.webspace-verkauf.de\/wp-content\/uploads\/2018\/10\/logo.png","contentUrl":"https:\/\/web50.c16.webspace-verkauf.de\/wp-content\/uploads\/2018\/10\/logo.png","width":427,"height":293,"caption":"Metzgerei Breindl"},"image":{"@id":"https:\/\/landmetzgerei-breindl.de\/#\/schema\/logo\/image\/"}}]}},"_links":{"self":[{"href":"https:\/\/landmetzgerei-breindl.de\/index.php\/wp-json\/wp\/v2\/pages\/17"}],"collection":[{"href":"https:\/\/landmetzgerei-breindl.de\/index.php\/wp-json\/wp\/v2\/pages"}],"about":[{"href":"https:\/\/landmetzgerei-breindl.de\/index.php\/wp-json\/wp\/v2\/types\/page"}],"author":[{"embeddable":true,"href":"https:\/\/landmetzgerei-breindl.de\/index.php\/wp-json\/wp\/v2\/users\/1"}],"replies":[{"embeddable":true,"href":"https:\/\/landmetzgerei-breindl.de\/index.php\/wp-json\/wp\/v2\/comments?post=17"}],"version-history":[{"count":1,"href":"https:\/\/landmetzgerei-breindl.de\/index.php\/wp-json\/wp\/v2\/pages\/17\/revisions"}],"predecessor-version":[{"id":905,"href":"https:\/\/landmetzgerei-breindl.de\/index.php\/wp-json\/wp\/v2\/pages\/17\/revisions\/905"}],"wp:attachment":[{"href":"https:\/\/landmetzgerei-breindl.de\/index.php\/wp-json\/wp\/v2\/media?parent=17"}],"curies":[{"name":"wp","href":"https:\/\/api.w.org\/{rel}","templated":true}]}}